{"id":13,"date":"2019-04-19T23:15:17","date_gmt":"2019-04-19T21:15:17","guid":{"rendered":"http:\/\/oc-company.fr\/index.php\/mesmerize\/"},"modified":"2020-09-30T00:20:38","modified_gmt":"2020-09-29T22:20:38","slug":"mesmerize","status":"publish","type":"page","link":"https:\/\/oc-company.fr\/","title":{"rendered":"Front Page"},"content":{"rendered":"<div  id=\"qui-sommesnous\" style=\"background-color: #ffffff;\" data-label=\"Qui sommesnous\" data-id=\"features-16-card-bordered-mc\" data-export-id=\"features-16-card-bordered-mc\" data-bullets-visibility=\"true\" data-category=\"features\" class=\"features-16-card-bordered-mc content-section content-section-spacing\"><div  class=\"gridContainer\"> <div  class=\"row text-center\"><div  class=\"section-title-col\" data-type=\"column\"> <h5  class=\"\">Qui Sommes-Nous<\/h5> <h2  class=\"\">Nous fournissons des solutions cr\u00e9atives!<\/h2> <\/div> <\/div> <div  class=\"row spaced-cols\" data-type=\"row\"> <div  class=\"col-xs-12 col-sm-6 col-md-3 \"> <div  class=\"card no-padding bordered y-move\"> <img  class=\"face\" src=\"http:\/\/oc-company.fr\/wp-content\/themes\/highlight\/customizer\/sections\/images\/agreement-2548139_1920.jpg\"> <div  data-type=\"column\" class=\"col-padding-small col-padding-small-xs description-container\"> <h4  class=\"font-500\">&nbsp; &nbsp; &nbsp; &nbsp;Qui sommes-nous\n<br >\n\n<\/h4> <p  class=\"\">OC-COMPANY est une soci\u00e9t\u00e9 de conseils et de services en informatique bas\u00e9e en seine et marne. Nous mettons en place des solutions technologiques personnalis\u00e9es et adapt\u00e9es&nbsp; pour r\u00e9pondre \u00e0 leurs besoins. Nous vous proposons de mettre \u00e0 votre disposition nos exp\u00e9riences. <\/p><\/div> <div  data-type=\"column\" class=\"col-padding-small col-padding-small-xs read-more-container\"><\/div> <\/div><\/div> <div  class=\"col-xs-12 col-sm-6 col-md-3 \"><div  class=\"card no-padding bordered y-move\"> <img  class=\"face\" src=\"http:\/\/oc-company.fr\/wp-content\/uploads\/2019\/05\/cropped-Strate\u0301gie-IT.jpeg\" alt=\"\" title=\"cropped-Strate\u0301gie-IT.jpeg\"> <div  data-type=\"column\" class=\"col-padding-small col-padding-small-xs description-container\"> <h4  class=\"font-500\">Votre partenaire pour une solution informatique sur mesure\n<\/h4> <p  class=\"\">Vous voulez changer de plate-forme ? Vous avez besoin d\u2019aide pour \u00e9laborer votre budget informatique ? Vous ne disposez pas de ressources suffisantes pour utiliser efficacement vos logiciels ? Vous vous \u00eates adress\u00e9 \u00e0 la bonne entreprise. <br >\n<\/p><\/div> <div  data-type=\"column\" class=\"col-padding-small col-padding-small-xs read-more-container\"><\/div> <\/div><\/div> <div  class=\"col-xs-12 col-sm-6 col-md-3 \"><div  class=\"card no-padding bordered y-move\"> <a  data-cp-link=\"1\" href=\"#\"><img  class=\"face\" src=\"http:\/\/oc-company.fr\/wp-content\/themes\/highlight\/customizer\/sections\/images\/cropped-startup-849804_1920.jpg\"><\/a> <div  data-type=\"column\" class=\"col-padding-small col-padding-small-xs description-container\"> <h4  class=\"font-500\">Des solutions personnalis\u00e9es pour votre entreprise<\/h4> <p  class=\"\">chaque entreprise a des besoins qui lui sont propres. Nous sommes convaincus que la technologie sur laquelle s\u2019appuie vos op\u00e9rations m\u00e9tier doit \u00eatre adapt\u00e9e aux besoins sp\u00e9cifiques de votre entreprise. C\u2019est pour cette raison que les solutions informatiques que nous proposons sont enti\u00e8rement personnalis\u00e9es.<\/p><\/div> <div  data-type=\"column\" class=\"col-padding-small col-padding-small-xs read-more-container\"><\/div> <\/div><\/div> <div  class=\"col-xs-12 col-sm-6 col-md-3 \"> <div  class=\"card no-padding bordered y-move\"> <img  class=\"face\" src=\"http:\/\/oc-company.fr\/wp-content\/uploads\/2019\/05\/cropped-business-plan-consultant-independant.jpg\" alt=\"\" title=\"cropped-business-plan-consultant-independant.jpg\"> <div  data-type=\"column\" class=\"col-padding-small col-padding-small-xs description-container\"> <h4  class=\"font-500\">&nbsp; &nbsp; &nbsp; &nbsp; Nos consultants&nbsp;\n<br >\n\n<\/h4> <p  class=\"\">Qu\u2019il soit junior ou exp\u00e9riment\u00e9, chaque consultant accompagnent nos clients dans la transformation de leur entreprise et les aiderez \u00e0 d\u00e9velopper un avantage concurrentiel sur leur march\u00e9.<\/p><\/div> <div  data-type=\"column\" class=\"col-padding-small col-padding-small-xs read-more-container\"><\/div> <\/div><\/div><\/div><\/div> <\/div><div  data-label=\"Notre domaine\" data-id=\"features--1\" data-export-id=\"features-16\" data-category=\"features\" class=\"features-16 content-section content-section-spacing\" id=\"notre-domaine\" style=\"background-color: rgb(255, 255, 255);\"><div  class=\"gridContainer\"> <div  class=\"row text-center\"><div  class=\"section-title-col\" data-type=\"column\"> <h2  class=\"\">Nos domaines d\u2019activit\u00e9s<\/h2> <p  class=\"lead\">Nos domaines d\u2019activit\u00e9s couvre l\u2019ensemble du m\u00e9tier de l\u2019IT. En collaboration avec des PME, <br >Le Conseil (conseil, \u00e9tudes et formation) <br >L\u2019Ing\u00e9nierie (ing\u00e9nierie de syst\u00e8mes, int\u00e9gration de syst\u00e8mes, assistance technique) <br >L\u2019Infog\u00e9rance (infog\u00e9rance d\u2019infrastructure, infog\u00e9rance applicative)<\/p><\/div> <\/div> <div  class=\"row spaced-cols\" data-type=\"row\"> <div  class=\"col-xs-12 col-sm-6 space-bottom col-md-3 \">  <div  data-type=\"column\" class=\"col-padding-small col-padding-small-xs description-container\"> <h4  class=\"font-500\">HelpDesk<\/h4>  <\/div> <\/div> <div  class=\"col-xs-12 col-sm-6 space-bottom col-md-3 \">  <div  data-type=\"column\" class=\"col-padding-small col-padding-small-xs description-container\"> <h4  class=\"font-500\">Syst\u00e8me et infrastructure<\/h4>  <\/div> <\/div> <div  class=\"col-xs-12 col-sm-6 space-bottom col-md-3 \">  <div  data-type=\"column\" class=\"col-padding-small col-padding-small-xs description-container\"> <h4  class=\"font-500\">Production<\/h4>  <\/div> <\/div><div  class=\"col-xs-12 col-sm-6 space-bottom col-md-3 \">  <div  data-type=\"column\" class=\"col-padding-small col-padding-small-xs description-container\"> <h4  class=\"font-500\">Architecture<\/h4>  <\/div> <\/div><div  class=\"col-xs-12 col-sm-6 space-bottom col-md-3\">  <div  data-type=\"column\" class=\"col-padding-small col-padding-small-xs description-container\"> <h4  class=\"font-500\">Ma\u00eetre d\u2019\u0153uvre (MOE)<\/h4>  <\/div> <\/div><div  class=\"col-xs-12 col-sm-6 space-bottom col-md-3\">  <div  data-type=\"column\" class=\"col-padding-small col-padding-small-xs description-container\"> <h4  class=\"font-500\">Ma\u00eetrise d\u2019ouvrage (MOA)<\/h4>  <\/div> <\/div><div  class=\"col-xs-12 col-sm-6 space-bottom col-md-3\">  <div  data-type=\"column\" class=\"col-padding-small col-padding-small-xs description-container\"> <h4  class=\"font-500\">Gestion de projet<\/h4>  <\/div> <\/div><div  class=\"col-xs-12 col-sm-6 space-bottom col-md-3\">  <div  data-type=\"column\" class=\"col-padding-small col-padding-small-xs description-container\"> <h4  class=\"font-500\">Mangement<\/h4>  <\/div> <\/div><\/div> <\/div><\/div><div  id=\"pourquoi\" style=\"background-color: #ffffff;\" data-label=\"Pourquoi\" data-id=\"content-8-mc\" data-export-id=\"content-8-mc\" data-category=\"content\" class=\"content-8-mc content-section content-section-spacing\"><div  class=\"gridContainer\"> <div  class=\"row middle-sm\"><div  class=\"col-sm-6 space-bottom-xs space-top-xs\" data-type=\"column\"> <img  class=\"shadow-large\" src=\"http:\/\/oc-company.fr\/wp-content\/themes\/highlight\/customizer\/sections\/images\/business-3560916_1920.jpg\"><\/div> <div  class=\"col-sm-6\" data-type=\"column\"><h2  class=\"\">Pourquoi nous rejoindre ?<\/h2> <p  class=\"\">L\u2019aspect humain est bien souvent n\u00e9glig\u00e9, pourtant c\u2019est le premier facteur de la r\u00e9ussite d\u2019une entreprise. C\u2019est pourquoi on apporte un soin tout particulier \u00e0 la prise en compte des demandes et s\u2019adapte de fa\u00e7on flexible envers nos collaborateurs dans un esprit de r\u00e9activit\u00e9, d\u2019efficacit\u00e9 et de disponibilit\u00e9. Par cons\u00e9quent en r\u00e9sulte une fid\u00e9lisation des collaborateurs \u00e0 long terme.\n<br ><br >Nous serons heureux d\u2019\u00e9changer avec vous<br >Merci nous contacter sur contact@oc-company.fr<\/p> <\/div> <\/div><\/div> <\/div><div  data-label=\"Candidature\" data-id=\"cta--1\" data-export-id=\"cta-blue-section-mc\" data-category=\"cta\" class=\"cta-blue-section-mc content-section content-section-spacing le_cocktail white-text\" id=\"candidature\" style=\"background-color: rgb(245, 250, 253);\"><div  class=\"gridContainer\"> <div  class=\"row middle-xs\"><div  class=\"col-sm-8 space-bottom-xs\" data-type=\"column\"> <h1  class=\"\">Candidature<\/h1> <h5  class=\"\">Pour repondre \u00e0 nos offres en ligne et un candidature spontan\u00e9, merci d\u2019envoyer votre CV \u00e0 recrutement@oc-company.fr<\/h5><\/div> <div  class=\"col-sm-4 end-sm\" data-type=\"column\"> <\/div> <\/div><\/div> <\/div><div  data-label=\"Contact\" data-id=\"content--1\" data-export-id=\"content-3\" data-category=\"content\" class=\"content-3 content-section content-section-spacing\" id=\"contact\" style=\"background-color: rgb(255, 255, 255);\"><div > <div  class=\"row middle-xs\"><div  class=\"col-sm-7 full-col-left-padding full-col-right-padding\"> <div  class=\"row\"><div  data-type=\"column\" class=\"space-bottom-small content-title-col\">  <h2  class=\"\">Contact<\/h2> <\/div> <\/div> <div  class=\"row spaced-cols\" data-type=\"row\">  <div  class=\"col-xs-6\" data-type=\"column\"><h5  class=\"\">Notre bureau<\/h5> <p  class=\"\">Le Belv\u00e9d\u00e8re, 1-7 cours Valmy, Puteaux, 92800 Paris La Defense<\/p><\/div> <div  class=\"col-xs-6\" data-type=\"column\"><h5  class=\"\">Mail<\/h5> <p  class=\"\">Contact@oc-company.fr<\/p><\/div> <div  class=\"col-xs-6\" data-type=\"column\"><h5  class=\"\">T\u00e9l\u00e9phone<\/h5> <p  class=\"\">Fixe :&nbsp;01.75.89.90.92\n<br >Portable : 06.51.76.53.54<\/p><\/div> <\/div><\/div> <div  class=\"col-sm-5 bg-image shadow-large-black revert-classes-holder\" data-bg=\"image\" style=\"background-image: url(&quot;http:\/\/oc-company.fr\/wp-content\/uploads\/2019\/05\/cropped-e708a971d62cc1e0ed5d250070fcb.jpeg&quot;);\"><\/div><\/div> <\/div><\/div><div  data-label=\"Nos Bureaux\" data-id=\"content--2\" data-export-id=\"content-2\" data-category=\"content\" class=\"content-2 content-section content-section-spacing\" id=\"nos-bureaux\" style=\"background-color: rgb(255, 255, 255);\"><div > <div  class=\"row middle-xs\"><div  class=\"col-sm-5 bg-image shadow-large-black\" data-bg=\"image\" style=\"background-image: url(&quot;http:\/\/oc-company.fr\/wp-content\/uploads\/2019\/05\/cropped-Defacto_guide-plan_PMR_large.png&quot;);\"><\/div> <div  class=\"col-sm-7 full-col-left-padding full-col-right-padding\"> <div  class=\"row\"> <div  data-type=\"column\" class=\"space-bottom-small content-title-col\">  <h2  class=\"\">Plan d\u2019acc\u00e8s \u00e0 nos bureaux<\/h2> <p  class=\"\">Transports :<br >Paris la d\u00e9fense\n\n<br ><br >RER A<br >Ligne M\u00e9tro 1<br >TRAMWAY T2<br >Lignes U et L du Trancilien SNCF<br >15 lignes de bus : \u00e0 300 m\u00e8tres<br >Autoroutes A14, A86, A15 \u00e0 10 minutes<br >Bouvevard Periph\u00e9rique \u00e0 5 minutes<br >Quai de Seine \u00e0 3 minutes<\/p><\/div> <\/div> <div  class=\"row spaced-cols \" data-type=\"row\">     <div  class=\"col-xs-6\" data-type=\"column\"> <\/div><\/div><\/div> <\/div><\/div> <\/div>","protected":false},"excerpt":{"rendered":"<p>Qui Sommes-Nous Nous fournissons des solutions cr\u00e9atives! &nbsp; &nbsp; &nbsp; &nbsp;Qui sommes-nous OC-COMPANY est une soci\u00e9t\u00e9 de conseils et de services en informatique bas\u00e9e en seine et marne. Nous mettons en place des solutions technologiques personnalis\u00e9es et adapt\u00e9es&nbsp; pour r\u00e9pondre \u00e0 leurs besoins. Nous vous proposons de mettre \u00e0 votre disposition nos exp\u00e9riences. Votre partenaire&hellip; <br \/> <a class=\"read-more\" href=\"https:\/\/oc-company.fr\/\">Lire la suite<\/a><\/p>\n","protected":false},"author":1,"featured_media":0,"parent":0,"menu_order":0,"comment_status":"closed","ping_status":"closed","template":"page-templates\/homepage.php","meta":[],"_links":{"self":[{"href":"https:\/\/oc-company.fr\/index.php\/wp-json\/wp\/v2\/pages\/13"}],"collection":[{"href":"https:\/\/oc-company.fr\/index.php\/wp-json\/wp\/v2\/pages"}],"about":[{"href":"https:\/\/oc-company.fr\/index.php\/wp-json\/wp\/v2\/types\/page"}],"author":[{"embeddable":true,"href":"https:\/\/oc-company.fr\/index.php\/wp-json\/wp\/v2\/users\/1"}],"replies":[{"embeddable":true,"href":"https:\/\/oc-company.fr\/index.php\/wp-json\/wp\/v2\/comments?post=13"}],"version-history":[{"count":49,"href":"https:\/\/oc-company.fr\/index.php\/wp-json\/wp\/v2\/pages\/13\/revisions"}],"predecessor-version":[{"id":182,"href":"https:\/\/oc-company.fr\/index.php\/wp-json\/wp\/v2\/pages\/13\/revisions\/182"}],"wp:attachment":[{"href":"https:\/\/oc-company.fr\/index.php\/wp-json\/wp\/v2\/media?parent=13"}],"curies":[{"name":"wp","href":"https:\/\/api.w.org\/{rel}","templated":true}]}}